{"id":1215,"date":"2022-02-07T05:27:14","date_gmt":"2022-02-07T05:27:14","guid":{"rendered":"https:\/\/360kapital.com\/?page_id=1215"},"modified":"2022-08-12T03:30:35","modified_gmt":"2022-08-12T03:30:35","slug":"casos-de-exito","status":"publish","type":"page","link":"https:\/\/360kapital.com\/ca\/casos-de-exito\/","title":{"rendered":"Casos d'\u00e8xit"},"content":{"rendered":"<div data-elementor-type=\"wp-page\" data-elementor-id=\"1215\" class=\"elementor elementor-1215\" data-elementor-settings=\"{&quot;ha_cmc_init_switcher&quot;:&quot;no&quot;}\" data-elementor-post-type=\"page\">\n\t\t\t\t\t\t<section class=\"elementor-section elementor-top-section elementor-element elementor-element-3990c97a elementor-section-content-middle elementor-section-height-min-height elementor-section-boxed elementor-section-height-default elementor-section-items-middle\" data-id=\"3990c97a\" data-element_type=\"section\" data-settings=\"{&quot;background_background&quot;:&quot;classic&quot;,&quot;_ha_eqh_enable&quot;:false}\">\n\t\t\t\t\t\t\t<div class=\"elementor-background-overlay\"><\/div>\n\t\t\t\t\t\t\t<div class=\"elementor-container elementor-column-gap-default\">\n\t\t\t\t\t<div class=\"elementor-column elementor-col-100 elementor-top-column elementor-element elementor-element-5297bfda\" data-id=\"5297bfda\" data-element_type=\"column\">\n\t\t\t<div class=\"elementor-widget-wrap elementor-element-populated\">\n\t\t\t\t\t\t<div class=\"elementor-element elementor-element-2e36afb0 elementor-widget elementor-widget-heading\" data-id=\"2e36afb0\" data-element_type=\"widget\" data-widget_type=\"heading.default\">\n\t\t\t\t<div class=\"elementor-widget-container\">\n\t\t\t\t\t<h2 class=\"elementor-heading-title elementor-size-default\">Casos d'\u00e8xit<\/h2>\t\t\t\t<\/div>\n\t\t\t\t<\/div>\n\t\t\t\t<div class=\"elementor-element elementor-element-46a5d04e elementor-widget elementor-widget-heading\" data-id=\"46a5d04e\" data-element_type=\"widget\" data-widget_type=\"heading.default\">\n\t\t\t\t<div class=\"elementor-widget-container\">\n\t\t\t\t\t<h2 class=\"elementor-heading-title elementor-size-default\">Deixeu-nos mostrar alguns exemples<\/h2>\t\t\t\t<\/div>\n\t\t\t\t<\/div>\n\t\t\t\t<div class=\"elementor-element elementor-element-6eaa4e30 elementor-align-center elementor-widget elementor-widget-button\" data-id=\"6eaa4e30\" data-element_type=\"widget\" data-widget_type=\"button.default\">\n\t\t\t\t<div class=\"elementor-widget-container\">\n\t\t\t\t\t\t\t\t\t<div class=\"elementor-button-wrapper\">\n\t\t\t\t\t<a class=\"elementor-button elementor-button-link elementor-size-sm\" href=\"#main\">\n\t\t\t\t\t\t<span class=\"elementor-button-content-wrapper\">\n\t\t\t\t\t\t\t\t\t<span class=\"elementor-button-text\">Seguim<\/span>\n\t\t\t\t\t<\/span>\n\t\t\t\t\t<\/a>\n\t\t\t\t<\/div>\n\t\t\t\t\t\t\t\t<\/div>\n\t\t\t\t<\/div>\n\t\t\t\t\t<\/div>\n\t\t<\/div>\n\t\t\t\t\t<\/div>\n\t\t<\/section>\n\t\t\t\t<section class=\"elementor-section elementor-top-section elementor-element elementor-element-2cc3e526 elementor-section-boxed elementor-section-height-default elementor-section-height-default\" data-id=\"2cc3e526\" data-element_type=\"section\" id=\"main\" data-settings=\"{&quot;background_background&quot;:&quot;classic&quot;,&quot;_ha_eqh_enable&quot;:false}\">\n\t\t\t\t\t\t<div class=\"elementor-container elementor-column-gap-default\">\n\t\t\t\t\t<div class=\"elementor-column elementor-col-100 elementor-top-column elementor-element elementor-element-2480f4a2\" data-id=\"2480f4a2\" data-element_type=\"column\">\n\t\t\t<div class=\"elementor-widget-wrap elementor-element-populated\">\n\t\t\t\t\t\t<section class=\"elementor-section elementor-inner-section elementor-element elementor-element-7c38aaf elementor-section-boxed elementor-section-height-default elementor-section-height-default\" data-id=\"7c38aaf\" data-element_type=\"section\" data-settings=\"{&quot;_ha_eqh_enable&quot;:false}\">\n\t\t\t\t\t\t<div class=\"elementor-container elementor-column-gap-default\">\n\t\t\t\t\t<div class=\"elementor-column elementor-col-100 elementor-inner-column elementor-element elementor-element-bf05987\" data-id=\"bf05987\" data-element_type=\"column\">\n\t\t\t<div class=\"elementor-widget-wrap elementor-element-populated\">\n\t\t\t\t\t\t<div class=\"elementor-element elementor-element-30640357 elementor-position-top elementor-widget elementor-widget-image-box\" data-id=\"30640357\" data-element_type=\"widget\" data-widget_type=\"image-box.default\">\n\t\t\t\t<div class=\"elementor-widget-container\">\n\t\t\t\t\t<div class=\"elementor-image-box-wrapper\"><figure class=\"elementor-image-box-img\"><a href=\"#!\" tabindex=\"-1\"><img fetchpriority=\"high\" decoding=\"async\" width=\"500\" height=\"295\" src=\"https:\/\/360kapital.com\/wp-content\/uploads\/2022\/02\/exito1.webp\" class=\"attachment-full size-full wp-image-1235\" alt=\"exito1\" srcset=\"https:\/\/360kapital.com\/wp-content\/uploads\/2022\/02\/exito1.webp 500w, https:\/\/360kapital.com\/wp-content\/uploads\/2022\/02\/exito1-300x177.webp 300w\" sizes=\"(max-width: 500px) 100vw, 500px\" \/><\/a><\/figure><div class=\"elementor-image-box-content\"><h3 class=\"elementor-image-box-title\"><a href=\"#!\"> SECTOR SALUD<\/a><\/h3><p class=\"elementor-image-box-description\"><br>Vehicle de finan\u00e7ament aportat: R\u00e8nting financer 800.000\u20ac<br>\nXifra de vendes: 100.000.000\u20ac<br>\nActivitat de l\u00b4empresa: Fabricaci\u00f3 d\u00b4EPI's (Equips de Protecci\u00f3 Individual)<br><br>\n\nVam intervenir en l'assessorament financer per al desplegament dels mitjans de producci\u00f3 d'una empresa Espanyola, l\u00edder en fabricaci\u00f3 de mascaretes quir\u00fargiques, fet que refor\u00e7a la idea que les nostres empreses locals estan al nivell de les grans multinacionals.\t\n<\/p><\/div><\/div>\t\t\t\t<\/div>\n\t\t\t\t<\/div>\n\t\t\t\t\t<\/div>\n\t\t<\/div>\n\t\t\t\t\t<\/div>\n\t\t<\/section>\n\t\t\t\t<section class=\"elementor-section elementor-inner-section elementor-element elementor-element-a6b8ad5 elementor-section-boxed elementor-section-height-default elementor-section-height-default\" data-id=\"a6b8ad5\" data-element_type=\"section\" data-settings=\"{&quot;_ha_eqh_enable&quot;:false}\">\n\t\t\t\t\t\t<div class=\"elementor-container elementor-column-gap-default\">\n\t\t\t\t\t<div class=\"elementor-column elementor-col-100 elementor-inner-column elementor-element elementor-element-62e010b\" data-id=\"62e010b\" data-element_type=\"column\">\n\t\t\t<div class=\"elementor-widget-wrap elementor-element-populated\">\n\t\t\t\t\t\t<div class=\"elementor-element elementor-element-6dfe2ba elementor-position-top elementor-widget elementor-widget-image-box\" data-id=\"6dfe2ba\" data-element_type=\"widget\" data-widget_type=\"image-box.default\">\n\t\t\t\t<div class=\"elementor-widget-container\">\n\t\t\t\t\t<div class=\"elementor-image-box-wrapper\"><figure class=\"elementor-image-box-img\"><a href=\"#!\" tabindex=\"-1\"><img decoding=\"async\" width=\"500\" height=\"218\" src=\"https:\/\/360kapital.com\/wp-content\/uploads\/2022\/02\/exito2.webp\" class=\"attachment-full size-full wp-image-1236\" alt=\"exito2\" srcset=\"https:\/\/360kapital.com\/wp-content\/uploads\/2022\/02\/exito2.webp 500w, https:\/\/360kapital.com\/wp-content\/uploads\/2022\/02\/exito2-300x131.webp 300w\" sizes=\"(max-width: 500px) 100vw, 500px\" \/><\/a><\/figure><div class=\"elementor-image-box-content\"><h3 class=\"elementor-image-box-title\"><a href=\"#!\">SECTOR GRAN CONSUM<\/a><\/h3><p class=\"elementor-image-box-description\"><br>Vehicle de finan\u00e7ament aportat: R\u00e8nting financer 240.000\u20ac<br>\nXifra de vendes: 9.000.000\u20ac<br>\nActivitat de lempresa: Fabricaci\u00f3 i comercialitzaci\u00f3 de sistemes de descans.<br><br>\n\nLa nostra intervenci\u00f3 va permetre a l'empresa actualitzar el seu factor productiu amb els m\u00e0xims avantatges fiscals que permet el r\u00e8nting financer. Aquesta operaci\u00f3 va situar l'empresa en una posici\u00f3 d'avantatge competitiu respecte als rivals directes<\/p><\/div><\/div>\t\t\t\t<\/div>\n\t\t\t\t<\/div>\n\t\t\t\t\t<\/div>\n\t\t<\/div>\n\t\t\t\t\t<\/div>\n\t\t<\/section>\n\t\t\t\t<section class=\"elementor-section elementor-inner-section elementor-element elementor-element-7f3aa95 elementor-section-boxed elementor-section-height-default elementor-section-height-default\" data-id=\"7f3aa95\" data-element_type=\"section\" data-settings=\"{&quot;_ha_eqh_enable&quot;:false}\">\n\t\t\t\t\t\t<div class=\"elementor-container elementor-column-gap-default\">\n\t\t\t\t\t<div class=\"elementor-column elementor-col-100 elementor-inner-column elementor-element elementor-element-37de23b\" data-id=\"37de23b\" data-element_type=\"column\">\n\t\t\t<div class=\"elementor-widget-wrap elementor-element-populated\">\n\t\t\t\t\t\t<div class=\"elementor-element elementor-element-a176af9 elementor-position-top elementor-widget elementor-widget-image-box\" data-id=\"a176af9\" data-element_type=\"widget\" data-widget_type=\"image-box.default\">\n\t\t\t\t<div class=\"elementor-widget-container\">\n\t\t\t\t\t<div class=\"elementor-image-box-wrapper\"><figure class=\"elementor-image-box-img\"><a href=\"#!\" tabindex=\"-1\"><img decoding=\"async\" width=\"500\" height=\"281\" src=\"https:\/\/360kapital.com\/wp-content\/uploads\/2022\/02\/exito3.webp\" class=\"attachment-full size-full wp-image-1237\" alt=\"exito3\" srcset=\"https:\/\/360kapital.com\/wp-content\/uploads\/2022\/02\/exito3.webp 500w, https:\/\/360kapital.com\/wp-content\/uploads\/2022\/02\/exito3-300x169.webp 300w\" sizes=\"(max-width: 500px) 100vw, 500px\" \/><\/a><\/figure><div class=\"elementor-image-box-content\"><h3 class=\"elementor-image-box-title\"><a href=\"#!\">SECTOR ALIMENTACI\u00d3<\/a><\/h3><p class=\"elementor-image-box-description\"><br>Vehicle de finan\u00e7ament aportat: R\u00e8nting financer 380.000\u20ac<br>\nXifra de vendes: 16.000.000\u20ac<br>\nActivitat de l'empresa: Fabricaci\u00f3 i comercialitzaci\u00f3 de c\u00e0psules de te i caf\u00e8<br><br>\n\nLa nostra intervenci\u00f3, va permetre a l'empresa, assegurar-se una facturaci\u00f3 recurrent (en ple COVID) amb un dels seus principals clients, guanyant encara m\u00e9s credibilitat al seu sector, fent una aposta clara i ferma per la tecnologia d'\u00faltima generaci\u00f3.\t\n<\/p><\/div><\/div>\t\t\t\t<\/div>\n\t\t\t\t<\/div>\n\t\t\t\t\t<\/div>\n\t\t<\/div>\n\t\t\t\t\t<\/div>\n\t\t<\/section>\n\t\t\t\t<section class=\"elementor-section elementor-inner-section elementor-element elementor-element-11b67b8 elementor-section-boxed elementor-section-height-default elementor-section-height-default\" data-id=\"11b67b8\" data-element_type=\"section\" data-settings=\"{&quot;_ha_eqh_enable&quot;:false}\">\n\t\t\t\t\t\t<div class=\"elementor-container elementor-column-gap-default\">\n\t\t\t\t\t<div class=\"elementor-column elementor-col-100 elementor-inner-column elementor-element elementor-element-72b927b\" data-id=\"72b927b\" data-element_type=\"column\">\n\t\t\t<div class=\"elementor-widget-wrap elementor-element-populated\">\n\t\t\t\t\t\t<div class=\"elementor-element elementor-element-e744ee2 elementor-position-top elementor-widget elementor-widget-image-box\" data-id=\"e744ee2\" data-element_type=\"widget\" data-widget_type=\"image-box.default\">\n\t\t\t\t<div class=\"elementor-widget-container\">\n\t\t\t\t\t<div class=\"elementor-image-box-wrapper\"><figure class=\"elementor-image-box-img\"><a href=\"#!\" tabindex=\"-1\"><img loading=\"lazy\" decoding=\"async\" width=\"500\" height=\"333\" src=\"https:\/\/360kapital.com\/wp-content\/uploads\/2022\/02\/exito4.webp\" class=\"attachment-full size-full wp-image-1238\" alt=\"exti4o\" srcset=\"https:\/\/360kapital.com\/wp-content\/uploads\/2022\/02\/exito4.webp 500w, https:\/\/360kapital.com\/wp-content\/uploads\/2022\/02\/exito4-300x200.webp 300w\" sizes=\"(max-width: 500px) 100vw, 500px\" \/><\/a><\/figure><div class=\"elementor-image-box-content\"><h3 class=\"elementor-image-box-title\"><a href=\"#!\">SECTOR METAL\u00b7L\u00daRGIC<\/a><\/h3><p class=\"elementor-image-box-description\"><br>Vehicle de finan\u00e7ament aportat: Reestructuraci\u00f3 de pool bancari<br>\nXifra de vendes: 1.000.000\u20ac<br>\nActivitat de l'empresa: Mecanitzaci\u00f3 i tall d'acer<br><br>\n\n\nLa nostra intervenci\u00f3 va passar per donar suport a ger\u00e8ncia a la presa estrat\u00e8gica de solucions al seu finan\u00e7ament bancari. Es va optimitzar el seu deute bancari aix\u00ed com la millora en la interlocuci\u00f3 amb els seus bancs habituals, transformant-lo en una empresa eficient i ben estructurada.\t\n<\/p><\/div><\/div>\t\t\t\t<\/div>\n\t\t\t\t<\/div>\n\t\t\t\t\t<\/div>\n\t\t<\/div>\n\t\t\t\t\t<\/div>\n\t\t<\/section>\n\t\t\t\t\t<\/div>\n\t\t<\/div>\n\t\t\t\t\t<\/div>\n\t\t<\/section>\n\t\t\t\t<\/div>","protected":false},"excerpt":{"rendered":"<p>Casos de \u00e9xito D\u00e9jenos mostrarle algunos ejemplos Sigamos SECTOR SALUD Veh\u00edculo de financiaci\u00f3n aportada: Renting financiero 800.000\u20ac Cifra de ventas: 100.000.000\u20ac Actividad de la empresa: Fabricaci\u00f3n de EPI\u2019s (Equipos de Protecci\u00f3n Individual) Intervinimos en el asesoramiento financiero para el despliegue de los medios de producci\u00f3n de una empresa Espa\u00f1ola, l\u00edder en fabricaci\u00f3n de mascarillas quir\u00fargicas, [&hellip;]<\/p>","protected":false},"author":1,"featured_media":0,"parent":0,"menu_order":0,"comment_status":"closed","ping_status":"closed","template":"","meta":{"footnotes":""},"class_list":["post-1215","page","type-page","status-publish","hentry"],"aioseo_notices":[],"_links":{"self":[{"href":"https:\/\/360kapital.com\/ca\/wp-json\/wp\/v2\/pages\/1215","targetHints":{"allow":["GET"]}}],"collection":[{"href":"https:\/\/360kapital.com\/ca\/wp-json\/wp\/v2\/pages"}],"about":[{"href":"https:\/\/360kapital.com\/ca\/wp-json\/wp\/v2\/types\/page"}],"author":[{"embeddable":true,"href":"https:\/\/360kapital.com\/ca\/wp-json\/wp\/v2\/users\/1"}],"replies":[{"embeddable":true,"href":"https:\/\/360kapital.com\/ca\/wp-json\/wp\/v2\/comments?post=1215"}],"version-history":[{"count":44,"href":"https:\/\/360kapital.com\/ca\/wp-json\/wp\/v2\/pages\/1215\/revisions"}],"predecessor-version":[{"id":2714,"href":"https:\/\/360kapital.com\/ca\/wp-json\/wp\/v2\/pages\/1215\/revisions\/2714"}],"wp:attachment":[{"href":"https:\/\/360kapital.com\/ca\/wp-json\/wp\/v2\/media?parent=1215"}],"curies":[{"name":"wp","href":"https:\/\/api.w.org\/{rel}","templated":true}]}}